{"id":35916,"date":"2023-11-14T22:13:23","date_gmt":"2023-11-14T21:13:23","guid":{"rendered":"https:\/\/mentorday.es\/mentoradvisor\/?page_id=35916"},"modified":"2025-01-14T14:43:39","modified_gmt":"2025-01-14T13:43:39","slug":"que-es-mentoradvisor","status":"publish","type":"page","link":"https:\/\/mentorday.es\/mentoradvisor\/que-es-mentoradvisor\/","title":{"rendered":"\u00bfQu\u00e9 es MentorAdvisor?"},"content":{"rendered":"\t\t<div data-elementor-type=\"wp-page\" data-elementor-id=\"35916\" class=\"elementor elementor-35916\" data-elementor-post-type=\"page\">\n\t\t\t\t\t\t<section class=\"elementor-section elementor-top-section elementor-element elementor-element-56c636a elementor-section-boxed elementor-section-height-default elementor-section-height-default rt-parallax-bg-no\" data-id=\"56c636a\" data-element_type=\"section\">\n\t\t\t\t\t\t<div class=\"elementor-container elementor-column-gap-default\">\n\t\t\t\t\t<div class=\"elementor-column elementor-col-100 elementor-top-column elementor-element elementor-element-396e81d\" data-id=\"396e81d\" data-element_type=\"column\">\n\t\t\t<div class=\"elementor-widget-wrap elementor-element-populated\">\n\t\t\t\t\t\t<div class=\"elementor-element elementor-element-6a66163 elementor-widget elementor-widget-heading\" data-id=\"6a66163\" data-element_type=\"widget\" data-widget_type=\"heading.default\">\n\t\t\t\t<div class=\"elementor-widget-container\">\n\t\t\t\t\t<h2 class=\"elementor-heading-title elementor-size-xxl\">Descubre mentorAdvisor\n<\/h2>\t\t\t\t<\/div>\n\t\t\t\t<\/div>\n\t\t\t\t<div class=\"elementor-element elementor-element-a5a74e2 elementor-widget elementor-widget-heading\" data-id=\"a5a74e2\" data-element_type=\"widget\" data-widget_type=\"heading.default\">\n\t\t\t\t<div class=\"elementor-widget-container\">\n\t\t\t\t\t<h2 class=\"elementor-heading-title elementor-size-default\">Tu Br\u00fajula en el Mundo Emprendedor<\/h2>\t\t\t\t<\/div>\n\t\t\t\t<\/div>\n\t\t\t\t<div class=\"elementor-element elementor-element-81e6679 elementor-widget elementor-widget-text-editor\" data-id=\"81e6679\" data-element_type=\"widget\" data-widget_type=\"text-editor.default\">\n\t\t\t\t<div class=\"elementor-widget-container\">\n\t\t\t\t\t\t\t\t\t<p style=\"text-align: center;\">El camino hacia el \u00e9xito como emprendedor est\u00e1 lleno de retos, dudas, bloqueos y decisiones importantes\u2026 y que el experto adecuado te puede solucionar r\u00e1pidamente. En mentorDay lo sabemos, y por eso hemos desarrollado\u00a0<strong>mentorAdvisor<\/strong>, una herramienta exclusiva que te conecta con la mayor base de datos de expertos en emprendimiento. Imagina tener acceso directo a m\u00e1s de\u00a0<strong>8.000 profesionales<\/strong>\u00a0dispuestos a ayudarte en cada paso de tu viaje emprendedor.<\/p><p style=\"text-align: center;\"><strong>\u00a1mentorAdvisor es el LinkedIn para emprendedores!<\/strong><\/p><h3 id=\"-qu-es-mentoradvisor-\"><strong>\u00bfQu\u00e9 es mentorAdvisor?<\/strong><\/h3><p>mentorAdvisor es tu herramienta para buscar el experto adecuado a cada necesidad, desarrollado por mentorDay para facilitarte el acceso a expertos de primer nivel. Con esta herramienta, podr\u00e1s:<\/p><ol><li><strong>Buscar y contactar con profesionales especializados<\/strong>\u00a0en financiaci\u00f3n, marketing, internacionalizaci\u00f3n, innovaci\u00f3n, y muchas otras \u00e1reas clave.<\/li><li><strong>Acceder a expertos de organismos p\u00fablicos y privados<\/strong>\u00a0que te brindar\u00e1n el asesoramiento que necesitas.<\/li><li><strong>Obtener respuestas r\u00e1pidas y certeras<\/strong>\u00a0a tus dudas, acortando el camino hacia la soluci\u00f3n adecuada.<\/li><\/ol><h3 id=\"-c-mo-funciona-mentoradvisor-\"><strong>\u00bfC\u00f3mo Funciona mentorAdvisor?<\/strong><\/h3><p>Puedes buscar expertos de varias maneras:<\/p><ol><li><strong>Por tipo de agente del ecosistema:<\/strong>\u00a0Inversores, financiadores, aceleradoras, incubadoras, t\u00e9cnicos de desarrollo, consultores, entre otros.<\/li><li><strong>Por necesidades frecuentes:<\/strong>\u00a0Hemos identificado m\u00e1s de\u00a0<strong>200 necesidades comunes<\/strong>\u00a0que otros emprendedores han tenido.<\/li><li><strong>Por sector econ\u00f3mico o tecnolog\u00eda empleada:<\/strong>\u00a0Encuentra expertos que tengan experiencia espec\u00edfica en tu industria.<\/li><li><strong>Por cercan\u00eda:<\/strong>\u00a0Localiza recursos en tu regi\u00f3n, a nivel nacional o internacional.<\/li><li><strong>Por nombre o empresa:<\/strong>\u00a0Si ya tienes en mente a un profesional o una organizaci\u00f3n espec\u00edfica, b\u00fascalos directamente.<\/li><\/ol><h3 id=\"-ventajas-de-mentoradvisor-\"><strong>Ventajas de mentorAdvisor<\/strong><\/h3><ol><li><strong>Selecci\u00f3n rigurosa:<\/strong>\u00a0Todos los expertos han sido cuidadosamente seleccionados y valorados por otros emprendedores que ya se han beneficiado de sus servicios.<\/li><li><strong>Acceso gratuito:<\/strong>\u00a0Para emprendedores y colaboradores acreditados por mentorDay, esta herramienta es completamente gratuita.<\/li><li><strong>F\u00e1cil de usar:<\/strong>\u00a0Navega, busca y conecta con un simple clic. Sin registros complicados ni costos adicionales.<\/li><\/ol><h3 id=\"-c-mo-acceder-a-mentoradvisor-\"><strong>\u00bfC\u00f3mo Acceder a mentorAdvisor?<\/strong><\/h3><p>Para acceder a mentorAdvisor y contactar directamente con los expertos, necesitas tener tu\u00a0<a href=\"https:\/\/mentorday.es\/wikitips\/acreditacion-mentorday\/\"><strong>acreditaci\u00f3n activa<\/strong><\/a>.\u00a0<\/p><ol><li><strong>Emprendedores:<\/strong>\u00a0Obtendr\u00e1s tu acreditaci\u00f3n al finalizar con \u00e9xito la segunda etapa del programa de aceleraci\u00f3n y quedar entre los\u00a0<strong>30 primeros del ranking<\/strong>.<\/li><li><strong>Colaboradores:<\/strong>\u00a0Mentores acreditados, expertos e inversores que participan activamente en actividades como el\u00a0<strong>speed mentoring<\/strong>, ponencias o que entregan premios a la comunidad mentorDay.<\/li><\/ol><p>Si a\u00fan no tienes tu acreditaci\u00f3n activa, puedes navegar por la herramienta, explorar los perfiles de los expertos y\u00a0<strong>crear una lista de favoritos<\/strong>\u00a0para que, una vez acreditado, puedas contactar directamente con ellos.<\/p><p>\u00a1Completa el programa de aceleraci\u00f3n y accede a la red m\u00e1s grande de expertos en emprendimiento!. Si todav\u00eda no est\u00e1s en mentorDay <a href=\"https:\/\/mentorday.es\/inscripcion\/\">inscr\u00edbete ya gratuitamente aqu\u00ed<\/a>. Si ya est\u00e1s inscrito <a href=\"https:\/\/mentorday.es\/mentoradvisor\/\">empieza a buscar un experto<\/a>.\u00a0<\/p><h3 id=\"-eres-un-experto-y-quieres-aparecer-en-mentoradvisor-\"><strong>\u00bfEres un Experto y Quieres Aparecer en mentorAdvisor?<\/strong><\/h3><p>Si tienes experiencia ayudando a emprendedores y deseas formar parte de la red de expertos de mentorDay, esta es tu oportunidad.<\/p><p>En mentorAdvisor ya est\u00e1n todos los colaboradores acreditados, incluyendo:<\/p><ol><li>Mentores del programa de mentorDay.<\/li><li>Expertos que han participado en el speed mentoring o como ponentes en talleres.<\/li><li>Inversores y profesionales que han entregado premios a la comunidad.<\/li><\/ol><p>Formar parte de mentorAdvisor es gratuito y te brinda grandes beneficios:<\/p><ol><li><strong>Mayor visibilidad:<\/strong>\u00a0Aumenta tu presencia en el ecosistema emprendedor.<\/li><li><strong>Nuevas oportunidades:<\/strong>\u00a0Recibe contactos directos de emprendedores que buscan tus servicios.<\/li><li><strong>Valoraciones positivas:<\/strong>\u00a0Mejora tu posicionamiento en las consultas obteniendo buenas valoraciones de emprendedores a los que hayas ayudado.<\/li><\/ol><p>Si deseas unirte como experto, simplemente completa el formulario de inscripci\u00f3n que encontrar\u00e1s en <a href=\"https:\/\/mentorday.es\/inscripcion\/\">este enlace<\/a>.\u00a0<\/p><p>\u00a0<\/p><h3 id=\"-conclusi-n-tu-camino-al-xito-empieza-con-mentoradvisor-\"><strong>Conclusi\u00f3n: Tu Camino al \u00c9xito Empieza con mentorAdvisor<\/strong><\/h3><p>mentorAdvisor es mucho m\u00e1s que una herramienta: es tu puerta de entrada a una red de expertos que te ayudar\u00e1 a acelerar tu empresa y resolver cualquier duda que tengas. \u00a1Termina el programa de aceleraci\u00f3n, obt\u00e9n tu acreditaci\u00f3n y empieza a conectar con los mejores profesionales del ecosistema emprendedor!<\/p><p style=\"text-align: center;\"><strong>\u00a1No pierdas esta oportunidad \u00fanica de potenciar tu proyecto y alcanzar tus metas!<\/strong><\/p>\t\t\t\t\t\t\t\t<\/div>\n\t\t\t\t<\/div>\n\t\t\t\t<div class=\"elementor-element elementor-element-d7884b2 elementor-align-center elementor-button-animation-enable elementor-widget elementor-widget-button\" data-id=\"d7884b2\" data-element_type=\"widget\" data-widget_type=\"button.default\">\n\t\t\t\t<div class=\"elementor-widget-container\">\n\t\t\t\t\t\t\t\t\t<div class=\"elementor-button-wrapper\">\n\t\t\t\t\t<a class=\"elementor-button elementor-button-link elementor-size-sm\" href=\"https:\/\/mentorday.es\/mentoradvisor\/\">\n\t\t\t\t\t\t<span class=\"elementor-button-content-wrapper\">\n\t\t\t\t\t\t<span class=\"elementor-button-icon\">\n\t\t\t\t<i aria-hidden=\"true\" class=\"fas fa-search\"><\/i>\t\t\t<\/span>\n\t\t\t\t\t\t\t\t\t<span class=\"elementor-button-text\">EMPIEZA A BUSCAR <\/span>\n\t\t\t\t\t<\/span>\n\t\t\t\t\t<\/a>\n\t\t\t\t<\/div>\n\t\t\t\t\t\t\t\t<\/div>\n\t\t\t\t<\/div>\n\t\t\t\t\t<\/div>\n\t\t<\/div>\n\t\t\t\t\t<\/div>\n\t\t<\/section>\n\t\t\t\t<\/div>\n\t\t","protected":false},"excerpt":{"rendered":"<p>Descubre mentorAdvisor Tu Br\u00fajula en el Mundo Emprendedor El camino hacia el \u00e9xito como emprendedor est\u00e1 lleno de retos, dudas, bloqueos y decisiones importantes\u2026 y que el experto adecuado te puede solucionar r\u00e1pidamente. En mentorDay lo sabemos, y por eso hemos desarrollado\u00a0mentorAdvisor, una herramienta exclusiva que te conecta con la mayor base de datos de &#8230;<\/p>\n","protected":false},"author":1,"featured_media":0,"parent":0,"menu_order":0,"comment_status":"closed","ping_status":"closed","template":"elementor_header_footer","meta":{"_rtcl_gb_attr":"","footnotes":""},"class_list":["post-35916","page","type-page","status-publish","hentry"],"_links":{"self":[{"href":"https:\/\/mentorday.es\/mentoradvisor\/wp-json\/wp\/v2\/pages\/35916","targetHints":{"allow":["GET"]}}],"collection":[{"href":"https:\/\/mentorday.es\/mentoradvisor\/wp-json\/wp\/v2\/pages"}],"about":[{"href":"https:\/\/mentorday.es\/mentoradvisor\/wp-json\/wp\/v2\/types\/page"}],"author":[{"embeddable":true,"href":"https:\/\/mentorday.es\/mentoradvisor\/wp-json\/wp\/v2\/users\/1"}],"replies":[{"embeddable":true,"href":"https:\/\/mentorday.es\/mentoradvisor\/wp-json\/wp\/v2\/comments?post=35916"}],"version-history":[{"count":10,"href":"https:\/\/mentorday.es\/mentoradvisor\/wp-json\/wp\/v2\/pages\/35916\/revisions"}],"predecessor-version":[{"id":42937,"href":"https:\/\/mentorday.es\/mentoradvisor\/wp-json\/wp\/v2\/pages\/35916\/revisions\/42937"}],"wp:attachment":[{"href":"https:\/\/mentorday.es\/mentoradvisor\/wp-json\/wp\/v2\/media?parent=35916"}],"curies":[{"name":"wp","href":"https:\/\/api.w.org\/{rel}","templated":true}]}}