


{"id":660,"date":"2017-09-29T09:23:09","date_gmt":"2017-09-29T09:23:09","guid":{"rendered":"http:\/\/demo.gloriathemes.com\/wp\/wikilogy\/?page_id=660"},"modified":"2025-12-11T15:49:48","modified_gmt":"2025-12-11T15:49:48","slug":"que-es-wikitip","status":"publish","type":"page","link":"https:\/\/mentorday.es\/wikitips\/que-es-wikitip\/","title":{"rendered":"\u00bfQu\u00e9 es wikiTIPs?"},"content":{"rendered":"\t\t<div data-elementor-type=\"wp-page\" data-elementor-id=\"660\" class=\"elementor elementor-660\" data-elementor-post-type=\"page\">\n\t\t\t\t\t\t<section class=\"elementor-section elementor-top-section elementor-element elementor-element-52a4eb0a elementor-section-boxed elementor-section-height-default elementor-section-height-default\" data-id=\"52a4eb0a\" data-element_type=\"section\">\n\t\t\t\t\t\t<div class=\"elementor-container elementor-column-gap-default\">\n\t\t\t\t\t<div class=\"elementor-column elementor-col-100 elementor-top-column elementor-element elementor-element-361616aa\" data-id=\"361616aa\" data-element_type=\"column\">\n\t\t\t<div class=\"elementor-widget-wrap elementor-element-populated\">\n\t\t\t\t\t\t<div class=\"elementor-element elementor-element-9433734 elementor-widget elementor-widget-theme-post-featured-image elementor-widget-image\" data-id=\"9433734\" data-element_type=\"widget\" data-widget_type=\"theme-post-featured-image.default\">\n\t\t\t\t<div class=\"elementor-widget-container\">\n\t\t\t\t\t\t\t\t\t\t\t\t\t\t\t<img fetchpriority=\"high\" decoding=\"async\" width=\"1024\" height=\"576\" src=\"https:\/\/mentorday.es\/wikitips\/wp-content\/uploads\/2025\/12\/wikiTIPs-1024x576.png\" class=\"attachment-large size-large wp-image-131803\" alt=\"wikiTIPs\" srcset=\"https:\/\/mentorday.es\/wikitips\/wp-content\/uploads\/2025\/12\/wikiTIPs-1024x576.png 1024w, https:\/\/mentorday.es\/wikitips\/wp-content\/uploads\/2025\/12\/wikiTIPs-300x169.png 300w, https:\/\/mentorday.es\/wikitips\/wp-content\/uploads\/2025\/12\/wikiTIPs-768x432.png 768w, https:\/\/mentorday.es\/wikitips\/wp-content\/uploads\/2025\/12\/wikiTIPs.png 1200w\" sizes=\"(max-width: 1024px) 100vw, 1024px\" \/>\t\t\t\t\t\t\t\t\t\t\t\t\t\t\t<\/div>\n\t\t\t\t<\/div>\n\t\t\t\t<div class=\"elementor-element elementor-element-d552109 elementor-widget elementor-widget-theme-post-title elementor-page-title elementor-widget-heading\" data-id=\"d552109\" data-element_type=\"widget\" data-widget_type=\"theme-post-title.default\">\n\t\t\t\t<div class=\"elementor-widget-container\">\n\t\t\t\t\t<h1 class=\"elementor-heading-title elementor-size-default\">\u00bfQu\u00e9 es wikiTIPs?<\/h1>\t\t\t\t<\/div>\n\t\t\t\t<\/div>\n\t\t\t\t<div class=\"elementor-element elementor-element-a507359 elementor-widget elementor-widget-text-editor\" data-id=\"a507359\" data-element_type=\"widget\" data-widget_type=\"text-editor.default\">\n\t\t\t\t<div class=\"elementor-widget-container\">\n\t\t\t\t\t\t\t\t\t<p data-start=\"193\" data-end=\"556\"><strong data-start=\"193\" data-end=\"205\">WikiTIPs<\/strong> es una plataforma de contenidos pr\u00e1cticos y \u00fatiles para emprendedores. Aqu\u00ed encontrar\u00e1s gu\u00edas, tutoriales, plantillas y recursos sobre \u00e1reas clave como <strong data-start=\"358\" data-end=\"432\">finanzas, marketing, ventas, recursos humanos, innovaci\u00f3n y tecnolog\u00eda<\/strong>. Tambi\u00e9n incluye <strong data-start=\"450\" data-end=\"506\">casos de \u00e9xito y experiencias de otros emprendedores<\/strong> que pueden inspirarte y motivarte en tu camino.<\/p><p data-start=\"558\" data-end=\"891\">Se trata de un <strong data-start=\"573\" data-end=\"636\">mapa de conocimiento din\u00e1mico y ordenado del emprendimiento<\/strong>, desarrollado por <a href=\"https:\/\/mentorday.es\/\"><strong data-start=\"655\" data-end=\"668\">mentorDay<\/strong><\/a>. Con la colaboraci\u00f3n de m\u00e1s de <strong data-start=\"700\" data-end=\"723\">2.500 emprendedores<\/strong> y <strong data-start=\"726\" data-end=\"754\">900 expertos voluntarios<\/strong>, WikiTIPs organiza el conocimiento que normalmente est\u00e1 disperso en la experiencia de mentores, empresarios, t\u00e9cnicos y especialistas.<\/p><p data-start=\"893\" data-end=\"1370\">Desde que <strong data-start=\"903\" data-end=\"913\">Google<\/strong> est\u00e1 en nuestras vidas, nos hemos acostumbrado a buscar respuestas en \u00e9l. Sin embargo, cuando se trata de dudas sobre emprendimiento, la informaci\u00f3n suele estar dispersa: no se encuentra almacenada en ordenadores o bases de datos, sino en los <strong data-start=\"1157\" data-end=\"1198\">cerebros de quienes ya han emprendido<\/strong>. WikiTIPs recopila y organiza esas experiencias en un <strong data-start=\"1253\" data-end=\"1290\">mapa de conocimiento estructurado<\/strong>, combinando lo mejor de <strong data-start=\"1315\" data-end=\"1367\">Google, Wikipedia e Inteligencia Artificial (IA)<\/strong>:<\/p><ul><li>Al igual que hace <strong>Google<\/strong>, permite acceder a informaci\u00f3n y referencias relevantes de manera r\u00e1pida.<\/li><li>Del mismo modo que hace <strong>Wikipedia<\/strong>, aporta estructura y organizaci\u00f3n del conocimiento, facilitando que la informaci\u00f3n sea clara y navegable.<\/li><li>Gracias a la <strong>Inteligencia Artificial (IA)<\/strong>, filtra, relaciona y analiza la informaci\u00f3n, ofreciendo <strong>respuestas pr\u00e1cticas y precisas<\/strong> seg\u00fan las necesidades de cada emprendedor.<\/li><\/ul><p data-start=\"1753\" data-end=\"2022\">Gracias a esta combinaci\u00f3n, ya no tendr\u00e1s que pasar horas buscando soluciones dispersas. Con WikiTIPs encontrar\u00e1s r\u00e1pidamente las respuestas que necesitas en una <strong data-start=\"1915\" data-end=\"1936\">\u00fanica herramienta<\/strong>, adem\u00e1s de poder aprender de la experiencia de otros emprendedores y especialistas.<\/p><p data-start=\"2024\" data-end=\"2197\"><strong data-start=\"2024\" data-end=\"2088\">Todos los contenidos de WikiTIPs son elaborados por expertos<\/strong> en cada materia y revisados por nuestro equipo, garantizando su calidad y utilidad para los emprendedores.<\/p><h2 data-start=\"2204\" data-end=\"2242\">\u00bfQu\u00e9 puedo encontrar en WikiTIPS?<\/h2><p data-start=\"2244\" data-end=\"2465\">Cada pregunta que hagas en WikiTIPs te da acceso a consejos elaborados por los mejores expertos, llamados <strong data-start=\"2350\" data-end=\"2358\">TIPs<\/strong>, que son explicaciones <strong data-start=\"2382\" data-end=\"2421\">pr\u00e1cticas y directamente aplicables<\/strong> en la gesti\u00f3n y desarrollo de tu empresa.<\/p><p data-start=\"2467\" data-end=\"2611\">Los TIPs est\u00e1n organizados por <strong data-start=\"2498\" data-end=\"2525\">grandes \u00e1reas tem\u00e1ticas<\/strong>, que adem\u00e1s coinciden con los sprints del <a href=\"https:\/\/mentorday.es\/programas\/modelo-mentorday\/\"><strong data-start=\"2568\" data-end=\"2608\">Programa de Aceleraci\u00f3n de mentorDay<\/strong><\/a>:<\/p><ul><li data-start=\"2615\" data-end=\"2643\"><strong data-start=\"2615\" data-end=\"2641\">01 | <a href=\"https:\/\/mentorday.es\/wikitips\/category\/modelo-de-negocio\/\">Modelo de Negocio<\/a><\/strong><\/li><li data-start=\"2646\" data-end=\"2667\"><strong data-start=\"2646\" data-end=\"2665\">02 | <a href=\"https:\/\/mentorday.es\/wikitips\/category\/viabilidad\/\">Viabilidad<\/a><\/strong><\/li><li data-start=\"2670\" data-end=\"2692\"><strong data-start=\"2670\" data-end=\"2690\">03 | <a href=\"https:\/\/mentorday.es\/wikitips\/category\/vender\/\">Crecimiento<\/a><\/strong><\/li><li data-start=\"2695\" data-end=\"2718\"><strong data-start=\"2695\" data-end=\"2716\">04 | <a href=\"https:\/\/mentorday.es\/wikitips\/category\/financiacion\/\">Financiaci\u00f3n<\/a><\/strong><\/li><li data-start=\"2721\" data-end=\"2742\"><strong data-start=\"2721\" data-end=\"2740\">05 | <a href=\"https:\/\/mentorday.es\/wikitips\/category\/estrategia\/\">Estrategia<\/a><\/strong><\/li><li data-start=\"2745\" data-end=\"2775\"><strong data-start=\"2745\" data-end=\"2773\">06 | <a href=\"https:\/\/mentorday.es\/wikitips\/category\/desarrollo-personal\/\">Desarrollo Personal<\/a><\/strong><\/li><\/ul><p data-start=\"2777\" data-end=\"2868\">Tambi\u00e9n encontrar\u00e1s TIPs especializados en temas y sectores clave para el emprendimiento:<\/p><ul><li data-start=\"2872\" data-end=\"2897\"><strong data-start=\"2872\" data-end=\"2895\">07 | <a href=\"https:\/\/mentorday.es\/wikitips\/category\/ciberseguridad\/\">Ciberseguridad<\/a><\/strong><\/li><li data-start=\"2900\" data-end=\"2925\"><strong data-start=\"2900\" data-end=\"2923\">08 | <a href=\"https:\/\/mentorday.es\/wikitips\/category\/sostenibilidad\/\">Sostenibilidad<\/a><\/strong><\/li><li data-start=\"2928\" data-end=\"2944\"><strong data-start=\"2928\" data-end=\"2942\">09 | <a href=\"https:\/\/mentorday.es\/wikitips\/category\/salud\/\">Salud<\/a><\/strong><\/li><\/ul><p data-start=\"2946\" data-end=\"2997\">Adem\u00e1s, TIPs dirigidos al ecosistema emprendedor:<\/p><ul><li data-start=\"3001\" data-end=\"3020\"><strong data-start=\"3001\" data-end=\"3018\">10 | <a href=\"https:\/\/mentorday.es\/wikitips\/category\/mentores\/\">Mentores<\/a><\/strong><\/li><li data-start=\"3023\" data-end=\"3062\"><strong data-start=\"3023\" data-end=\"3060\">11 | <a href=\"https:\/\/mentorday.es\/wikitips\/category\/business-angels\/\">Escuela para Business Angels<\/a><\/strong><\/li><\/ul><p data-start=\"3064\" data-end=\"3131\">Y TIPs que relatan <strong data-start=\"3083\" data-end=\"3128\">historias y experiencias de emprendedores<\/strong>:<\/p><ul><li data-start=\"3135\" data-end=\"3161\"><strong data-start=\"3135\" data-end=\"3159\">12 | <a href=\"https:\/\/mentorday.es\/wikitips\/category\/casos\/\">Casos Pr\u00e1cticos<\/a><\/strong><\/li><\/ul><p data-start=\"3163\" data-end=\"3373\">Cada TIP se enriquece con <strong data-start=\"3189\" data-end=\"3252\">aportaciones de otros emprendedores, empresarios y expertos<\/strong>, incluyendo enlaces de inter\u00e9s, art\u00edculos, libros, v\u00eddeos y audios que aportan diferentes perspectivas y experiencias.<\/p><p data-start=\"3375\" data-end=\"3415\">Para acceder a los contenidos, puedes:<\/p><ul data-start=\"3416\" data-end=\"3728\"><li data-start=\"3416\" data-end=\"3496\"><p data-start=\"3418\" data-end=\"3496\">Navegar por el <strong data-start=\"3433\" data-end=\"3450\">men\u00fa tem\u00e1tico<\/strong>, seleccionando el \u00e1rea que m\u00e1s te interese.<\/p><\/li><li data-start=\"3497\" data-end=\"3588\"><p data-start=\"3499\" data-end=\"3588\">Usar el <strong data-start=\"3507\" data-end=\"3529\">buscador de la web<\/strong> para encontrar r\u00e1pidamente la informaci\u00f3n que necesitas.<\/p><\/li><li data-start=\"3589\" data-end=\"3728\"><p data-start=\"3591\" data-end=\"3728\">Consultar a <a href=\"https:\/\/mentorday.es\/wikitips\/mentorbot\/\"><strong data-start=\"3603\" data-end=\"3616\">mentorBOT<\/strong><\/a>, nuestro mentor virtual, que te responder\u00e1 y te sugerir\u00e1 las TIPs m\u00e1s relevantes para profundizar en el tema.<\/p><\/li><\/ul><h2 data-start=\"3735\" data-end=\"3773\">WikiTIPs en constante crecimiento<\/h2><p data-start=\"3775\" data-end=\"4116\">WikiTIPs es una <strong data-start=\"3791\" data-end=\"3821\">plataforma viva y din\u00e1mica<\/strong>, que se enriquece cada d\u00eda con las respuestas y aportaciones de emprendedores y expertos. Centraliza y organiza el conocimiento disperso en diferentes \u00e1reas y etapas del emprendimiento, convirti\u00e9ndose en un <strong data-start=\"4029\" data-end=\"4052\">repositorio abierto<\/strong> que recoge, filtra y selecciona la informaci\u00f3n m\u00e1s relevante.<\/p><p data-start=\"4118\" data-end=\"4498\">Actualmente, WikiTIPs cuenta con m\u00e1s de <strong data-start=\"4158\" data-end=\"4182\">900 expertos activos<\/strong>, formando la mayor comunidad de conocimiento pr\u00e1ctico en emprendimiento. Cada nueva pregunta que recibe la plataforma <strong data-start=\"4301\" data-end=\"4337\">activa su sistema de aprendizaje<\/strong>, permitiendo que la IA mejore la selecci\u00f3n de respuestas y conecte a los usuarios con el experto adecuado cuando la informaci\u00f3n no existe en la base de datos.<\/p><blockquote data-start=\"4526\" data-end=\"4780\"><p data-start=\"4528\" data-end=\"4780\">\u201cQuer\u00edamos conocer lo que la gente sab\u00eda y no sab\u00eda de emprendimiento y el resultado ha sido sorprendente: estamos recibiendo cientos de consejos, creando TIPs sobre los temas m\u00e1s importantes y generando conocimientos vitales para los emprendedores.\u201d<\/p><\/blockquote><p data-start=\"4782\" data-end=\"5005\">Hoy, WikiTIPs se puede comparar con un <strong data-start=\"4821\" data-end=\"4861\">adolescente en constante aprendizaje<\/strong>: sigue creciendo, acumulando conocimiento y mejorando su capacidad para ofrecer respuestas \u00fatiles a medida que m\u00e1s emprendedores lo utilizan.<\/p><h2 data-start=\"5012\" data-end=\"5041\">\u00bfPara qui\u00e9n es WikiTIPS?<\/h2><p data-start=\"5043\" data-end=\"5126\">WikiTIPS est\u00e1 dise\u00f1ado para distintos perfiles dentro del ecosistema emprendedor:<\/p><ol><li data-start=\"5128\" data-end=\"5379\"><strong data-start=\"5128\" data-end=\"5148\">Emprendedores: <\/strong>Accede a TIPs elaborados por los mejores expertos en cada \u00e1rea para acelerar tu proyecto. Si no hay una respuesta inmediata, nuestro sistema conecta con un experto de la comunidad para ofrecer soluciones pr\u00e1cticas r\u00e1pidamente.<\/li><li data-start=\"5381\" data-end=\"5748\"><strong data-start=\"5381\" data-end=\"5435\">Organismos y entidades que apoyan emprendedores: <\/strong>Aceleradoras, incubadoras, venture capital, c\u00e1maras de comercio, ayuntamientos, centros de formaci\u00f3n, coworkings y otros organismos pueden integrar WikiTIPS en su web. As\u00ed, sus emprendedores acceden gratuitamente a TIPs confiables y pr\u00e1cticos. mentorDay colabora con todos estos organismos de forma gratuita.<\/li><li data-start=\"5750\" data-end=\"6046\"><strong data-start=\"5750\" data-end=\"5781\">Expertos y especialistas: <\/strong>Puedes compartir tu conocimiento con emprendedores creando TIPs o enriqueciendo los existentes. Todos los contenidos pasan por un filtro editorial para garantizar su calidad. Los expertos que desean crear TIPs deben estar acreditados previamente por mentorDay.<\/li><\/ol><p data-start=\"6048\" data-end=\"6118\">WikiTIPs tambi\u00e9n fomenta el <strong data-start=\"6073\" data-end=\"6102\">networking y la colaboraci\u00f3n<\/strong>, permitiendo:<\/p><ul><li data-start=\"6121\" data-end=\"6188\">Enriquecer los contenidos con nuevas perspectivas y experiencias.<\/li><li data-start=\"6191\" data-end=\"6272\">Ayudar a otros emprendedores a evitar errores y encontrar soluciones creativas.<\/li><li data-start=\"6275\" data-end=\"6387\">Fomentar una cultura de colaboraci\u00f3n y apoyo mutuo, generando oportunidades de negocio y aprendizaje conjunto.<\/li><\/ul><p data-start=\"6389\" data-end=\"6504\">En WikiTIPs, el conocimiento <strong data-start=\"6418\" data-end=\"6454\">se multiplica cuando se comparte<\/strong>, beneficiando a toda la comunidad emprendedora.<\/p><p data-start=\"6525\" data-end=\"6854\">WikiTIPs es una herramienta innovadora y valiosa para emprendedores y profesionales del mundo empresarial que buscan <strong data-start=\"6642\" data-end=\"6695\">respuestas, soluciones y experiencias compartidas<\/strong>. Con WikiTIPs, el conocimiento sobre emprendimiento <strong data-start=\"6748\" data-end=\"6790\">ya no est\u00e1 disperso en tantos cerebros<\/strong>, sino que se encuentra <strong data-start=\"6814\" data-end=\"6851\">organizado y accesible para todos<\/strong>.<\/p><p data-start=\"6856\" data-end=\"7062\">Para aprovechar al m\u00e1ximo todas las ayudas que ofrece <strong data-start=\"6910\" data-end=\"6923\">mentorDay<\/strong>, te recomendamos inscribirte en el <a href=\"https:\/\/mentorday.es\/programas\/modelo-mentorday\/\"><strong data-start=\"6959\" data-end=\"6986\">Programa de Aceleraci\u00f3n<\/strong><\/a>, que permitir\u00e1 darle un verdadero impulso a tu empresa o idea de negocio.<\/p>\t\t\t\t\t\t\t\t<\/div>\n\t\t\t\t<\/div>\n\t\t\t\t\t<\/div>\n\t\t<\/div>\n\t\t\t\t\t<\/div>\n\t\t<\/section>\n\t\t\t\t<\/div>\n\t\t","protected":false},"excerpt":{"rendered":"<p>WikiTIPs es la plataforma de mentorDay que ofrece consejos pr\u00e1cticos, TIPs, gu\u00edas y casos de \u00e9xito para emprendedores. Aprende de expertos y encuentra soluciones r\u00e1pidas en finanzas, marketing, ventas, innovaci\u00f3n y m\u00e1s.<\/p>\n","protected":false},"author":1,"featured_media":131803,"parent":0,"menu_order":0,"comment_status":"closed","ping_status":"closed","template":"","meta":{"footnotes":""},"class_list":["post-660","page","type-page","status-publish","has-post-thumbnail","hentry"],"_links":{"self":[{"href":"https:\/\/mentorday.es\/wikitips\/wp-json\/wp\/v2\/pages\/660","targetHints":{"allow":["GET"]}}],"collection":[{"href":"https:\/\/mentorday.es\/wikitips\/wp-json\/wp\/v2\/pages"}],"about":[{"href":"https:\/\/mentorday.es\/wikitips\/wp-json\/wp\/v2\/types\/page"}],"author":[{"embeddable":true,"href":"https:\/\/mentorday.es\/wikitips\/wp-json\/wp\/v2\/users\/1"}],"replies":[{"embeddable":true,"href":"https:\/\/mentorday.es\/wikitips\/wp-json\/wp\/v2\/comments?post=660"}],"version-history":[{"count":7,"href":"https:\/\/mentorday.es\/wikitips\/wp-json\/wp\/v2\/pages\/660\/revisions"}],"predecessor-version":[{"id":131809,"href":"https:\/\/mentorday.es\/wikitips\/wp-json\/wp\/v2\/pages\/660\/revisions\/131809"}],"wp:featuredmedia":[{"embeddable":true,"href":"https:\/\/mentorday.es\/wikitips\/wp-json\/wp\/v2\/media\/131803"}],"wp:attachment":[{"href":"https:\/\/mentorday.es\/wikitips\/wp-json\/wp\/v2\/media?parent=660"}],"curies":[{"name":"wp","href":"https:\/\/api.w.org\/{rel}","templated":true}]}}