


{"id":813,"date":"2017-09-29T17:50:23","date_gmt":"2017-09-29T17:50:23","guid":{"rendered":"http:\/\/demo.gloriathemes.com\/wp\/wikilogy\/?page_id=813"},"modified":"2025-12-18T09:40:04","modified_gmt":"2025-12-18T09:40:04","slug":"temas","status":"publish","type":"page","link":"https:\/\/mentorday.es\/wikitips\/temas\/","title":{"rendered":"Temas"},"content":{"rendered":"\t\t<div data-elementor-type=\"wp-page\" data-elementor-id=\"813\" class=\"elementor elementor-813\" data-elementor-post-type=\"page\">\n\t\t\t\t\t\t<section class=\"elementor-section elementor-top-section elementor-element elementor-element-11cd72c3 elementor-section-boxed elementor-section-height-default elementor-section-height-default\" data-id=\"11cd72c3\" data-element_type=\"section\">\n\t\t\t\t\t\t<div class=\"elementor-container elementor-column-gap-default\">\n\t\t\t\t\t<div class=\"elementor-column elementor-col-100 elementor-top-column elementor-element elementor-element-1c567cfa\" data-id=\"1c567cfa\" data-element_type=\"column\">\n\t\t\t<div class=\"elementor-widget-wrap elementor-element-populated\">\n\t\t\t\t\t\t<div class=\"elementor-element elementor-element-75788cd elementor-widget elementor-widget-custom_extended_category_widget\" data-id=\"75788cd\" data-element_type=\"widget\" data-widget_type=\"custom_extended_category_widget.default\">\n\t\t\t\t<div class=\"elementor-widget-container\">\n\t\t\t\t\t<div class=\"custom-category-widget\"><h2>TEMAS<\/h2><ul><li><a href=\"https:\/\/mentorday.es\/wikitips\/category\/modelo-de-negocio\/\"><strong>01 | Modelo de Negocio<\/strong><\/a> (231)<ul><li><a href=\"https:\/\/mentorday.es\/wikitips\/category\/modelo-de-negocio\/oportunidades-de-negocio\/\"><strong>A | Oportunidades de Negocio<\/strong><\/a> (82)<\/br>&nbsp;&nbsp;<span class=\"elebook\"><a href=\"https:\/\/mentorday.es\/ebook\/consejos-descubrir-oportunidades-negocio\/\">Ebook<\/a><\/span><\/li><li><a href=\"https:\/\/mentorday.es\/wikitips\/category\/modelo-de-negocio\/modelo-de-negocio-ajuste\/\"><strong>B | Modelo de negocio y Ajuste al Mercado<\/strong><\/a> (70)<\/br>&nbsp;&nbsp;<span class=\"elebook\"><a href=\"https:\/\/mentorday.es\/herramientas-para-acelerar-empresas\/webinar\/valida-testea-tu-modelo\/\">Webinar - <\/a><a href=\"https:\/\/mentorday.es\/ebook\/crea-modelo-negocio-valida-ajusta-mercado\/\">Ebook<\/a><\/span><\/li><li><a href=\"https:\/\/mentorday.es\/wikitips\/category\/modelo-de-negocio\/validacion-de-hipotesis\/\"><strong>C | Validaci\u00f3n de Hip\u00f3tesis<\/strong><\/a> (36)<\/br>&nbsp;&nbsp;<span class=\"elebook\"><a href=\"https:\/\/mentorday.es\/ebook\/valida-tu-hipotesis\/\">Ebook<\/a><\/span><\/li><\/ul><\/li><li><a href=\"https:\/\/mentorday.es\/wikitips\/category\/viabilidad\/\"><strong>02 | Viabilidad<\/strong><\/a> (258)<ul><li><a href=\"https:\/\/mentorday.es\/wikitips\/category\/viabilidad\/viabilidad-economica\/\"><strong>A | Viabilidad Econ\u00f3mica<\/strong><\/a> (57)<\/br>&nbsp;&nbsp;<span class=\"elebook\"><a href=\"https:\/\/mentorday.es\/herramientas-para-acelerar-empresas\/webinar\/viabilidad-economica-financiera\/\">Webinar - <\/a><a href=\"https:\/\/mentorday.es\/ebook\/viabilidad-economica-y-financiera\/\">Ebook<\/a><\/span><\/li><li><a href=\"https:\/\/mentorday.es\/wikitips\/category\/viabilidad\/viabilidad-tecnica\/\"><strong>B | Viabilidad T\u00e9cnica<\/strong><\/a> (24)<\/br>&nbsp;&nbsp;<span class=\"elebook\"><a href=\"https:\/\/mentorday.es\/herramientas-para-acelerar-empresas\/webinar\/viabilidad-tecnica-innovacion-digitalizacion\/\">Webinar -\u00a0 <\/a><a href=\"https:\/\/mentorday.es\/ebook\/tecnologia-digitalizacion-nueva-empresa-viabilidad-tecnica\/\">Ebook<\/a><\/span><\/li><li><a href=\"https:\/\/mentorday.es\/wikitips\/category\/viabilidad\/viabilidad-legal\/\"><strong>C | Viabilidad Legal<\/strong><\/a> (4)<\/br>&nbsp;&nbsp;<span class=\"elebook\"><a href=\"https:\/\/mentorday.es\/herramientas-para-acelerar-empresas\/webinar\/viabilidad-legal\/\">Webinar<\/a><\/span><\/li><li><a href=\"https:\/\/mentorday.es\/wikitips\/category\/viabilidad\/innovacion-abierta\/\"><strong>D | Innovaci\u00f3n abierta<\/strong><\/a> (41)<\/br>&nbsp;&nbsp;<span class=\"elebook\"><a href=\"https:\/\/mentorday.es\/ebook\/consejos-para-aprovechar-la-innovacion-abierta-con-las-corporaciones\/\">Ebook<\/a><\/span><\/li><li><a href=\"https:\/\/mentorday.es\/wikitips\/category\/viabilidad\/desarrollo-tecnologico\/\"><strong>E | Desarrollo Tecnol\u00f3gico<\/strong><\/a> (35)<\/br>&nbsp;&nbsp;<span class=\"elebook\"><a href=\"https:\/\/mentorday.es\/webinar\/desarrollo-tecnologico\/\">Webinar -\u00a0 <\/a><a href=\"https:\/\/mentorday.es\/ebook\/tecnologia-digitalizacion-nueva-empresa-viabilidad-tecnica\/\">Ebook<\/a><\/span><\/li><li><a href=\"https:\/\/mentorday.es\/wikitips\/category\/viabilidad\/sectores\/\"><strong>F | Sectores<\/strong><\/a> (30)<\/li><\/ul><\/li><li><a href=\"https:\/\/mentorday.es\/wikitips\/category\/vender\/\"><strong>03 | Crecimiento<\/strong><\/a> (154)<ul><li><a href=\"https:\/\/mentorday.es\/wikitips\/category\/vender\/ventas\/\"><strong>A | Ventas<\/strong><\/a> (46)<\/br>&nbsp;&nbsp;<span class=\"elebook\"><a href=\"https:\/\/mentorday.es\/ebook\/vender-vender\/\">Ebook<\/a><\/span><\/li><li><a href=\"https:\/\/mentorday.es\/wikitips\/category\/vender\/marketing\/\"><strong>B | Marketing<\/strong><\/a> (84)<\/br>&nbsp;&nbsp;<span class=\"elebook\"><a href=\"https:\/\/mentorday.es\/webinar\/identifica-canales-venta\">Webinar<\/a><\/span><\/li><li><a href=\"https:\/\/mentorday.es\/wikitips\/category\/vender\/growth-crecimiento\/\"><strong>C | Growth - Escalabilidad<\/strong><\/a> (44)<\/br>&nbsp;&nbsp;<span class=\"elebook\"><a href=\"https:\/\/mentorday.es\/herramientas-para-acelerar-empresas\/webinar\/plan-de-crecimiento\/\">Webinar\u00a0 - <\/a><a href=\"https:\/\/mentorday.es\/ebook\/crecimiento-empresa-growth\/\">Ebook<\/a><\/span><\/li><li><a href=\"https:\/\/mentorday.es\/wikitips\/category\/vender\/internacionalizar\/\"><strong>D | Internacionalizar<\/strong><\/a> (193)<ul><li><a href=\"https:\/\/mentorday.es\/wikitips\/category\/vender\/internacionalizar\/internacionalizacion\/\"><strong>Internacionalizaci\u00f3n<\/strong><\/a> (93)<\/br>&nbsp;&nbsp;&nbsp;&nbsp;<span class=\"elebook\"><a href=\"https:\/\/mentorday.es\/herramientas-para-acelerar-empresas\/webinar\/internacionaliza-empresa\/\">Webinar<\/a><a href=\"https:\/\/mentorday.es\/ebook\/internacionalizacion\/\"> - Ebook <\/a><\/span><\/li><li><a href=\"https:\/\/mentorday.es\/wikitips\/category\/vender\/internacionalizar\/softlanding-europa\/\"><strong>Softlanding Europa<\/strong><\/a> (108)<\/br>&nbsp;&nbsp;&nbsp;&nbsp;<span class=\"elebook\"><a href=\"https:\/\/mentorday.es\/herramientas-para-acelerar-empresas\/webinar\/ventajas-emprender-en-espana\/\">Webinar\u00a0 - <\/a><a href=\"https:\/\/mentorday.es\/ebook\/softlanding-europa\/\">Ebook<\/a><\/span><\/li><\/ul><\/li><\/ul><\/li><li><a href=\"https:\/\/mentorday.es\/wikitips\/category\/financiacion\/\"><strong>04 | Financiaci\u00f3n<\/strong><\/a> (417)<ul><li><a href=\"https:\/\/mentorday.es\/wikitips\/category\/financiacion\/financiacion-bancaria\/\"><strong>A | Financiaci\u00f3n Bancaria<\/strong><\/a> (30)<\/br>&nbsp;&nbsp;<span class=\"elebook\"><a href=\"https:\/\/mentorday.es\/herramientas-para-acelerar-empresas\/webinar\/fuentes-de-financiacion\/\">Webinar\u00a0 - <\/a><a href=\"https:\/\/mentorday.es\/ebook\/conseguir-financiacion-bancos-y-publica\/\">Ebook<\/a><\/span><\/li><li><a href=\"https:\/\/mentorday.es\/wikitips\/category\/financiacion\/financiacion-publica\/\"><strong>B | Financiaci\u00f3n P\u00fablica<\/strong><\/a> (174)<\/br>&nbsp;&nbsp;<span class=\"elebook\"><a href=\"https:\/\/mentorday.es\/herramientas-para-acelerar-empresas\/webinar\/fuentes-de-financiacion\/\">Webinar<\/a><\/span><ul><li><a href=\"https:\/\/mentorday.es\/wikitips\/category\/financiacion\/financiacion-publica\/ayudas-y-subvenciones\/\"><strong>Ayudas y subvenciones<\/strong><\/a> (625)<ul><li><a href=\"https:\/\/mentorday.es\/wikitips\/category\/financiacion\/financiacion-publica\/ayudas-y-subvenciones\/internacional\/\"><strong>Internacional<\/strong><\/a> (46)<\/br>&nbsp;&nbsp;&nbsp;&nbsp;&nbsp;&nbsp;<span class=\"elebook\"><a href=\"https:\/\/mentorday.es\/herramientas-para-acelerar-empresas\/webinar\/fuentes-de-financiacion\/\">Webinar<\/a><\/span><\/li><li><a href=\"https:\/\/mentorday.es\/wikitips\/category\/financiacion\/financiacion-publica\/ayudas-y-subvenciones\/nacional\/\"><strong>Nacional<\/strong><\/a> (93)<\/br>&nbsp;&nbsp;&nbsp;&nbsp;&nbsp;&nbsp;<span class=\"elebook\"><a href=\"https:\/\/mentorday.es\/herramientas-para-acelerar-empresas\/webinar\/fuentes-de-financiacion\/\">Webinar<\/a><\/span><\/li><li><a href=\"https:\/\/mentorday.es\/wikitips\/category\/financiacion\/financiacion-publica\/ayudas-y-subvenciones\/regional-canarias\/\"><strong>Regional<\/strong><\/a> (93)<\/br>&nbsp;&nbsp;&nbsp;&nbsp;&nbsp;&nbsp;<span class=\"elebook\"><a href=\"https:\/\/mentorday.es\/herramientas-para-acelerar-empresas\/webinar\/fuentes-de-financiacion\/\">Webinar<\/a><\/span><\/li><\/ul><\/li><\/ul><\/li><li><a href=\"https:\/\/mentorday.es\/wikitips\/category\/financiacion\/financiacion-privada\/\"><strong>C | Financiaci\u00f3n Privada<\/strong><\/a> (123)<\/br>&nbsp;&nbsp;<span class=\"elebook\"><a href=\"https:\/\/mentorday.es\/herramientas-para-acelerar-empresas\/webinar\/seduce-a-inversores\/\"><span data-sheets-root=\"1\" data-sheets-value=\"{\" data-sheets-userformat=\"{\" data-sheets-hyperlink=\"https:\/\/mentorday.es\/webinar\/webinar-pitch-a-inversores\/\">Webinar<\/span><\/a> -\u00a0<a href=\"https:\/\/mentorday.es\/ebook\/inversores-financiacion-privada\/\">Ebook<\/a><\/span><\/li><\/ul><\/li><li><a href=\"https:\/\/mentorday.es\/wikitips\/category\/estrategia\/\"><strong>05 | Estrategia<\/strong><\/a> (82)<ul><li><a href=\"https:\/\/mentorday.es\/wikitips\/category\/estrategia\/plan-estrategico\/\"><strong>A | Plan Estrat\u00e9gico<\/strong><\/a> (38)<\/br>&nbsp;&nbsp;<span class=\"elebook\"><a href=\"https:\/\/mentorday.es\/webinar\/estrategia-plan-de-accion\/\">Webinar\u00a0 - <\/a><a href=\"https:\/\/mentorday.es\/ebook\/estrategias-competir\/\">Ebook<\/a><\/span><\/li><\/ul><\/li><li><a href=\"https:\/\/mentorday.es\/wikitips\/category\/desarrollo-personal\/\"><strong>06 | Desarrollo Personal<\/strong><\/a> (378)<ul><li><a href=\"https:\/\/mentorday.es\/wikitips\/category\/desarrollo-personal\/competencias-personales\/\"><strong>A | Competencias Personales<\/strong><\/a> (167)<\/br>&nbsp;&nbsp;<span class=\"elebook\"><a href=\"https:\/\/mentorday.es\/herramientas-para-acelerar-empresas\/webinar\/equipo-humano-y-competencias-emprendedoras\/\"><span data-sheets-root=\"1\" data-sheets-value=\"{\" data-sheets-userformat=\"{\">Webinar - <\/span><\/a><a href=\"https:\/\/mentorday.es\/ebook\/competencias-personales-del-emprendedor\/\">Ebook<\/a><\/span><\/li><li><a href=\"https:\/\/mentorday.es\/wikitips\/category\/desarrollo-personal\/reducir-fracaso\/\"><strong>B | Reducir Fracaso<\/strong><\/a> (58)<\/br>&nbsp;&nbsp;<span class=\"elebook\"><a href=\"https:\/\/mentorday.es\/webinar\/emprendimiento-consciente\/\">Webinar - <\/a><a href=\"https:\/\/mentorday.es\/ebook\/reduce-fracaso\/\">Ebook<\/a><\/span><\/li><li><a href=\"https:\/\/mentorday.es\/wikitips\/category\/desarrollo-personal\/bloqueos-del-emprendedor\/\"><strong>C | Bloqueos del Emprendedor<\/strong><\/a> (32)<\/li><li><a href=\"https:\/\/mentorday.es\/wikitips\/category\/desarrollo-personal\/formacion-y-aprendizaje\/\"><strong>D | Formaci\u00f3n y Aprendizaje<\/strong><\/a> (89)<\/br>&nbsp;&nbsp;<span class=\"elebook\"><a href=\"https:\/\/mentorday.es\/ebook\/formacion-aprendizaje-emprendedor\/\">Ebook\u00a0<\/a><\/span><\/li><li><a href=\"https:\/\/mentorday.es\/wikitips\/category\/desarrollo-personal\/herramientas\/\"><strong>E | Herramientas<\/strong><\/a> (25)<\/br>&nbsp;&nbsp;<span class=\"elebook\"><a href=\"https:\/\/mentorday.es\/ebook\/herramientas-emprendedores\/\">Ebook<\/a><\/span><\/li><li><a href=\"https:\/\/mentorday.es\/wikitips\/category\/desarrollo-personal\/equipo-humano\/\"><strong>F | Equipo Humano<\/strong><\/a> (33)<\/br>&nbsp;&nbsp;<span class=\"elebook\"><a href=\"https:\/\/mentorday.es\/herramientas-para-acelerar-empresas\/webinar\/equipo-humano-y-competencias-emprendedoras\/\">Webinar - <\/a><a href=\"https:\/\/mentorday.es\/ebook\/equipo-humano\/\">Ebook<\/a><\/span><\/li><li><a href=\"https:\/\/mentorday.es\/wikitips\/category\/desarrollo-personal\/salud\/\"><strong>H | Salud<\/strong><\/a> (74)<\/br>&nbsp;&nbsp;<span class=\"elebook\"><a href=\"https:\/\/mentorday.es\/herramientas-para-acelerar-empresas\/webinar\/emprendimiento-saludable\/\">Webinar<\/a><\/span><\/li><\/ul><\/li><li><a href=\"https:\/\/mentorday.es\/wikitips\/category\/ciberseguridad\/\"><strong>07 | Ciberseguridad<\/strong><\/a> (170)<\/br><span class=\"elebook\"><a href=\"https:\/\/mentorday.es\/herramientas-para-acelerar-empresas\/webinar\/ciberseguridad\/\">Webinar - <\/a><a href=\"https:\/\/mentorday.es\/ebook\/ciberseguridad\/\">Ebook<\/a><\/span><\/li><li><a href=\"https:\/\/mentorday.es\/wikitips\/category\/sostenibilidad\/\"><strong>08 | Sostenibilidad<\/strong><\/a> (358)<\/br><span class=\"elebook\"><a href=\"https:\/\/mentorday.es\/herramientas-para-acelerar-empresas\/webinar\/empresa-sostenible\/\">Webinar - <\/a><a href=\"https:\/\/mentorday.es\/ebook\/programa-sostenibilidad\/\">Ebook<\/a><\/span><\/li><li><a href=\"https:\/\/mentorday.es\/wikitips\/category\/mentores\/\"><strong>09 | Para Mentores<\/strong><\/a> (156)<\/br><span class=\"elebook\"><a href=\"https:\/\/mentorday.es\/ebook\/mentores\/\">Ebook<\/a><\/span><\/li><li><a href=\"https:\/\/mentorday.es\/wikitips\/category\/business-angels\/\"><strong>10 | Escuela para Business Angels<\/strong><\/a> (55)<\/br><span class=\"elebook\"><a href=\"https:\/\/mentorday.es\/ebook\/escuela-de-business-angel\/\">Ebook<\/a><\/span><\/li><li><a href=\"https:\/\/mentorday.es\/wikitips\/category\/casos\/\"><strong>11 | Casos Pr\u00e1cticos<\/strong><\/a> (251)<\/li><li><a href=\"https:\/\/mentorday.es\/wikitips\/category\/sin-tema\/\"><strong>14 | Sin tema<\/strong><\/a> (9)<\/li><\/ul><p>Total: 5166<\/p><\/div>\t\t\t\t<\/div>\n\t\t\t\t<\/div>\n\t\t\t\t\t<\/div>\n\t\t<\/div>\n\t\t\t\t\t<\/div>\n\t\t<\/section>\n\t\t\t\t<\/div>\n\t\t","protected":false},"excerpt":{"rendered":"<p>TEMAS 01 | Modelo de Negocio (136) &nbsp;&nbsp;&nbsp;&nbsp;A | Oportunidades de Negocio (41)&nbsp;&nbsp;&nbsp;&nbsp;Ebook &nbsp;&nbsp;&nbsp;&nbsp;B | Modelo de negocio y Ajuste al Mercado (64) &nbsp;&nbsp;&nbsp;&nbsp;C | Validaci\u00f3n de Hip\u00f3tesis (26) 02 | Viabilidad (173) &nbsp;&nbsp;&nbsp;&nbsp;A | Viabilidad Econ\u00f3mica (50) &nbsp;&nbsp;&nbsp;&nbsp;B | Viabilidad T\u00e9cnica (15) &nbsp;&nbsp;&nbsp;&nbsp;C | Creatividad (5) &nbsp;&nbsp;&nbsp;&nbsp;D | Innovaci\u00f3n abierta (34) &nbsp;&nbsp;&nbsp;&nbsp;E | Desarrollo&#8230;<\/p>\n","protected":false},"author":1,"featured_media":47656,"parent":0,"menu_order":0,"comment_status":"closed","ping_status":"closed","template":"","meta":{"footnotes":""},"class_list":["post-813","page","type-page","status-publish","has-post-thumbnail","hentry"],"_links":{"self":[{"href":"https:\/\/mentorday.es\/wikitips\/wp-json\/wp\/v2\/pages\/813","targetHints":{"allow":["GET"]}}],"collection":[{"href":"https:\/\/mentorday.es\/wikitips\/wp-json\/wp\/v2\/pages"}],"about":[{"href":"https:\/\/mentorday.es\/wikitips\/wp-json\/wp\/v2\/types\/page"}],"author":[{"embeddable":true,"href":"https:\/\/mentorday.es\/wikitips\/wp-json\/wp\/v2\/users\/1"}],"replies":[{"embeddable":true,"href":"https:\/\/mentorday.es\/wikitips\/wp-json\/wp\/v2\/comments?post=813"}],"version-history":[{"count":3,"href":"https:\/\/mentorday.es\/wikitips\/wp-json\/wp\/v2\/pages\/813\/revisions"}],"predecessor-version":[{"id":132860,"href":"https:\/\/mentorday.es\/wikitips\/wp-json\/wp\/v2\/pages\/813\/revisions\/132860"}],"wp:featuredmedia":[{"embeddable":true,"href":"https:\/\/mentorday.es\/wikitips\/wp-json\/wp\/v2\/media\/47656"}],"wp:attachment":[{"href":"https:\/\/mentorday.es\/wikitips\/wp-json\/wp\/v2\/media?parent=813"}],"curies":[{"name":"wp","href":"https:\/\/api.w.org\/{rel}","templated":true}]}}