


{"id":92188,"date":"2023-11-15T10:53:12","date_gmt":"2023-11-15T10:53:12","guid":{"rendered":"https:\/\/mentorday.es\/wikitips\/?page_id=92188"},"modified":"2025-07-09T15:05:24","modified_gmt":"2025-07-09T15:05:24","slug":"mentorbot","status":"publish","type":"page","link":"https:\/\/mentorday.es\/wikitips\/mentorbot\/","title":{"rendered":"mentorBOT"},"content":{"rendered":"\t\t<div data-elementor-type=\"wp-page\" data-elementor-id=\"92188\" class=\"elementor elementor-92188\" data-elementor-post-type=\"page\">\n\t\t\t\t\t\t<section class=\"elementor-section elementor-top-section elementor-element elementor-element-9b71af3 elementor-section-boxed elementor-section-height-default elementor-section-height-default\" data-id=\"9b71af3\" data-element_type=\"section\">\n\t\t\t\t\t\t<div class=\"elementor-container elementor-column-gap-default\">\n\t\t\t\t\t<div class=\"elementor-column elementor-col-100 elementor-top-column elementor-element elementor-element-1a45490\" data-id=\"1a45490\" data-element_type=\"column\">\n\t\t\t<div class=\"elementor-widget-wrap elementor-element-populated\">\n\t\t\t\t\t\t<div class=\"elementor-element elementor-element-bbee72f elementor-widget elementor-widget-heading\" data-id=\"bbee72f\" data-element_type=\"widget\" data-widget_type=\"heading.default\">\n\t\t\t\t<div class=\"elementor-widget-container\">\n\t\t\t\t\t<h2 class=\"elementor-heading-title elementor-size-default\">\u00a1Bienvenido a tu Sesi\u00f3n con mentorBOT!<\/h2>\t\t\t\t<\/div>\n\t\t\t\t<\/div>\n\t\t\t\t<div class=\"elementor-element elementor-element-1b11b99 elementor-widget elementor-widget-shortcode\" data-id=\"1b11b99\" data-element_type=\"widget\" data-widget_type=\"shortcode.default\">\n\t\t\t\t<div class=\"elementor-widget-container\">\n\t\t\t\t\t\t\t<div class=\"elementor-shortcode\">    <div id=\"wac-chat-container\">\n    <div id=\"chatboxWacChat\">\n      <div class=\"chatheader\">\n\n      <img class=\"chatImg\"src=\"https:\/\/mentorday.es\/wikitips\/wp-content\/uploads\/2019\/11\/ChatGPT-Logo-cuadrado.png\">\n        <span class=\"chatName\">mentorVIRTUAL<\/span>\n      <\/div>\n      <div id=\"mensajesWacChat\">\n        <p class=\"mssgChatbot\">Soy tu mejor aliado de IA para resolver todas tus dudas y acelerar tu empresa<\/p>\n      <\/div>\n      <div id=\"entrada\">\n        <textarea  type=\"text\" id=\"textoWacChat\" class=\"textoInput\" placeholder=\"Escribe aqu\u00ed...\" ><\/textarea>\n       <div class=\"buttonGroup\">\n\n        <button id=\"enviar\" class=\"wac-chat-button\"> \n            <svg width=\"20\" height=\"20\" viewBox=\"0 0 20 20\" fill=\"none\" xmlns=\"http:\/\/www.w3.org\/2000\/svg\">\n                <path fill-rule=\"evenodd\" clip-rule=\"evenodd\" d=\"M1.45009 19.8642L19.4166 10.8798C20.1536 10.5113 20.1535 9.4594 19.4165 9.091L1.44987 0.108836C0.641316 -0.295394 -0.246014 0.495486 0.0629064 1.34503L3.08107 9.645C3.16135 9.8657 3.16135 10.1077 3.08107 10.3285L0.0630363 18.6281C-0.245904 19.4776 0.641526 20.2685 1.45009 19.8642ZM1.90138 2.01157L16.3536 9.2367H4.52613C4.51513 9.2017 4.50334 9.167 4.49076 9.1324L1.90138 2.01157ZM4.52613 10.7367C4.51513 10.7717 4.50334 10.8065 4.49076 10.8411L1.90158 17.9613L16.3489 10.7367H4.52613Z\" fill=\"#009987\" \/>\/>\n            <\/svg>\n        <\/button>\n\n        <button id=\"eliminar\" class=\"wac-chat-button\">\n            <svg width=\"19\" height=\"18\" viewBox=\"0 0 19 18\" fill=\"none\" xmlns=\"http:\/\/www.w3.org\/2000\/svg\">\n                <path d=\"M9.0049 16.5C4.86275 16.5 1.50488 13.1421 1.50488 9C1.50488 4.85787 4.86275 1.5 9.0049 1.5C11.9827 1.5 14.5551 3.2354 15.7661 5.75H13.0049C12.5907 5.75 12.2549 6.08579 12.2549 6.5C12.2549 6.91421 12.5907 7.25 13.0049 7.25H17.7549C17.9538 7.25 18.1446 7.171 18.2852 7.0303C18.4259 6.88968 18.5049 6.69891 18.5049 6.5V1.75C18.5049 1.33579 18.1691 1 17.7549 1C17.3407 1 17.0049 1.33579 17.0049 1.75V4.8728C15.5087 1.97844 12.4878 0 9.0049 0C4.03432 0 0.00488281 4.02944 0.00488281 9C0.00488281 13.9706 4.03432 18 9.0049 18C13.2493 18 16.8075 15.0618 17.7565 11.1085C17.8643 10.6594 17.5068 10.25 17.045 10.25C16.6734 10.25 16.3603 10.5199 16.2674 10.8797C15.4332 14.1121 12.4979 16.5 9.0049 16.5Z\" fill=\"#009987\" \/>\n            <\/svg>\n        <\/button>\n\n       <\/div>\n      \n      <\/div>\n      <!--<div class=\"resizer\"><\/div>-->\n    <\/div>\n\t\t    <\/div>\n    <\/div>\n\t\t\t\t\t\t<\/div>\n\t\t\t\t<\/div>\n\t\t\t\t<div class=\"elementor-element elementor-element-bbf5f1d elementor-widget elementor-widget-spacer\" data-id=\"bbf5f1d\" data-element_type=\"widget\" data-widget_type=\"spacer.default\">\n\t\t\t\t<div class=\"elementor-widget-container\">\n\t\t\t\t\t\t\t<div class=\"elementor-spacer\">\n\t\t\t<div class=\"elementor-spacer-inner\"><\/div>\n\t\t<\/div>\n\t\t\t\t\t\t<\/div>\n\t\t\t\t<\/div>\n\t\t\t\t<div class=\"elementor-element elementor-element-6516b27 elementor-widget elementor-widget-heading\" data-id=\"6516b27\" data-element_type=\"widget\" data-widget_type=\"heading.default\">\n\t\t\t\t<div class=\"elementor-widget-container\">\n\t\t\t\t\t<h2 class=\"elementor-heading-title elementor-size-default\">Descubre mentorBOT<\/h2>\t\t\t\t<\/div>\n\t\t\t\t<\/div>\n\t\t\t\t<div class=\"elementor-element elementor-element-01b5ba0 elementor-widget elementor-widget-heading\" data-id=\"01b5ba0\" data-element_type=\"widget\" data-widget_type=\"heading.default\">\n\t\t\t\t<div class=\"elementor-widget-container\">\n\t\t\t\t\t<h3 class=\"elementor-heading-title elementor-size-default\">Tu Mentor Personal disponible las 24 horas del d\u00eda<\/h3>\t\t\t\t<\/div>\n\t\t\t\t<\/div>\n\t\t\t\t<section class=\"elementor-section elementor-inner-section elementor-element elementor-element-c80fcac elementor-section-boxed elementor-section-height-default elementor-section-height-default\" data-id=\"c80fcac\" data-element_type=\"section\">\n\t\t\t\t\t\t<div class=\"elementor-container elementor-column-gap-wider\">\n\t\t\t\t\t<div class=\"elementor-column elementor-col-50 elementor-inner-column elementor-element elementor-element-e5504ea\" data-id=\"e5504ea\" data-element_type=\"column\">\n\t\t\t<div class=\"elementor-widget-wrap elementor-element-populated\">\n\t\t\t\t\t\t<div class=\"elementor-element elementor-element-df176dc elementor-widget elementor-widget-text-editor\" data-id=\"df176dc\" data-element_type=\"widget\" data-widget_type=\"text-editor.default\">\n\t\t\t\t<div class=\"elementor-widget-container\">\n\t\t\t\t\t\t\t\t\t<p><b>mentorBOT<\/b><span style=\"font-weight: 400;\"> es una poderosa herramienta basada en inteligencia artificial que hemos creado en mentorDay para que tengas acceso inmediato a un mentor especializado en creaci\u00f3n y aceleraci\u00f3n de empresas. <\/span><\/p><p><span style=\"font-weight: 400;\">Disponible <\/span><b>24 horas al d\u00eda, 7 d\u00edas a la semana<\/b><span style=\"font-weight: 400;\">, este mentorBOT est\u00e1 dise\u00f1ado para responder a todas tus dudas y brindarte el mejor asesoramiento en tiempo real, en cualquier momento que lo necesites.<\/span><\/p>\t\t\t\t\t\t\t\t<\/div>\n\t\t\t\t<\/div>\n\t\t\t\t\t<\/div>\n\t\t<\/div>\n\t\t\t\t<div class=\"elementor-column elementor-col-50 elementor-inner-column elementor-element elementor-element-560765f\" data-id=\"560765f\" data-element_type=\"column\">\n\t\t\t<div class=\"elementor-widget-wrap elementor-element-populated\">\n\t\t\t\t\t\t<div class=\"elementor-element elementor-element-8af6f0f elementor-widget elementor-widget-image\" data-id=\"8af6f0f\" data-element_type=\"widget\" data-widget_type=\"image.default\">\n\t\t\t\t<div class=\"elementor-widget-container\">\n\t\t\t\t\t\t\t\t\t\t\t\t\t\t\t<img fetchpriority=\"high\" decoding=\"async\" width=\"300\" height=\"300\" src=\"https:\/\/mentorday.es\/wikitips\/wp-content\/uploads\/2025\/06\/mentorVIRTUAL-imagen-web-300x300-1.png\" class=\"attachment-large size-large wp-image-115195\" alt=\"\" srcset=\"https:\/\/mentorday.es\/wikitips\/wp-content\/uploads\/2025\/06\/mentorVIRTUAL-imagen-web-300x300-1.png 300w, https:\/\/mentorday.es\/wikitips\/wp-content\/uploads\/2025\/06\/mentorVIRTUAL-imagen-web-300x300-1-150x150.png 150w, https:\/\/mentorday.es\/wikitips\/wp-content\/uploads\/2025\/06\/mentorVIRTUAL-imagen-web-300x300-1-100x100.png 100w\" sizes=\"(max-width: 300px) 100vw, 300px\" \/>\t\t\t\t\t\t\t\t\t\t\t\t\t\t\t<\/div>\n\t\t\t\t<\/div>\n\t\t\t\t\t<\/div>\n\t\t<\/div>\n\t\t\t\t\t<\/div>\n\t\t<\/section>\n\t\t\t\t<div class=\"elementor-element elementor-element-661e155 elementor-widget elementor-widget-text-editor\" data-id=\"661e155\" data-element_type=\"widget\" data-widget_type=\"text-editor.default\">\n\t\t\t\t<div class=\"elementor-widget-container\">\n\t\t\t\t\t\t\t\t\t<h3><b>\u00bfQu\u00e9 es mentorBOT y c\u00f3mo te puede ayudar?<\/b><\/h3><p><span style=\"font-weight: 400;\">mentorBOT es una herramienta de acompa\u00f1amiento continuo que te permite:<\/span><\/p><ul><li style=\"font-weight: 400;\" aria-level=\"1\"><b>Resolver tus dudas sobre el programa de aceleraci\u00f3n<\/b><span style=\"font-weight: 400;\">: Si no tienes claro c\u00f3mo avanzar en un entregable, qu\u00e9 pasos seguir o tienes dudas sobre alguna actividad, puedes preguntarle directamente al mentorBOT.<\/span><\/li><li style=\"font-weight: 400;\" aria-level=\"1\"><b>Consultar t\u00e9rminos o conceptos que no entiendas<\/b><span style=\"font-weight: 400;\">: Si encuentras palabras o conceptos t\u00e9cnicos que no conoces, simplemente preg\u00fantalos y recibir\u00e1s una explicaci\u00f3n clara y sencilla.<\/span><\/li><li style=\"font-weight: 400;\" aria-level=\"1\"><b>Explorar soluciones y estrategias<\/b><span style=\"font-weight: 400;\">: Puedes plantearle problemas espec\u00edficos de tu empresa o proyecto, y mentorBOT te ofrecer\u00e1 soluciones basadas en la experiencia de mentorDay acelerando m\u00e1s de 3.000 empresas durante 30 a\u00f1os.<\/span><\/li><li style=\"font-weight: 400;\" aria-level=\"1\"><b>Acceder a contenido relevante<\/b><span style=\"font-weight: 400;\">: Cada respuesta que recibas te mostrar\u00e1 los enlaces directos a las <\/span><b>TIPs<\/b><span style=\"font-weight: 400;\"> m\u00e1s adecuadas que contienen las respuestas a tus dudas.<\/span><\/li><\/ul><h3><b>\u00bfQu\u00e9 tipo de preguntas puedes hacer a mentorBOT?<\/b><\/h3><p><span style=\"font-weight: 400;\">Puedes hacerle preguntas de todo tipo, relacionadas con:<\/span><\/p><ol><li style=\"font-weight: 400;\" aria-level=\"1\"><b>El programa de aceleraci\u00f3n:<\/b><ul><li style=\"font-weight: 400;\" aria-level=\"2\"><span style=\"font-weight: 400;\">\u00bfC\u00f3mo avanzo en este entregable?<\/span><\/li><li style=\"font-weight: 400;\" aria-level=\"2\"><span style=\"font-weight: 400;\">\u00bfC\u00f3mo es un webinar y c\u00f3mo puedo prepararme mejor?<\/span><\/li><\/ul><\/li><li style=\"font-weight: 400;\" aria-level=\"1\"><b>Conceptos empresariales:<\/b><ul><li style=\"font-weight: 400;\" aria-level=\"2\"><span style=\"font-weight: 400;\">\u00bfQu\u00e9 es un modelo de negocio Canvas?<\/span><\/li><li style=\"font-weight: 400;\" aria-level=\"2\"><span style=\"font-weight: 400;\">\u00bfC\u00f3mo puedo validar mi idea de negocio?<\/span><\/li><\/ul><\/li><li style=\"font-weight: 400;\" aria-level=\"1\"><b>Soluciones espec\u00edficas:<\/b><ul><li style=\"font-weight: 400;\" aria-level=\"2\"><span style=\"font-weight: 400;\">Tengo un problema con mi estrategia de marketing \u00bfqu\u00e9 puedo hacer?<\/span><\/li><li style=\"font-weight: 400;\" aria-level=\"2\"><span style=\"font-weight: 400;\">\u00bfQu\u00e9 pasos debo seguir para buscar financiaci\u00f3n?<\/span><\/li><\/ul><\/li><li style=\"font-weight: 400;\" aria-level=\"1\"><b>Terminolog\u00eda desconocida:<\/b><ul><li style=\"font-weight: 400;\" aria-level=\"2\"><span style=\"font-weight: 400;\">\u00bfQu\u00e9 significa ROI?<\/span><\/li><li style=\"font-weight: 400;\" aria-level=\"2\"><span style=\"font-weight: 400;\">\u00bfC\u00f3mo se mide el burn rate?<\/span><\/li><\/ul><\/li><\/ol><h3><b>\u00bfC\u00f3mo funciona mentorBOT?<\/b><\/h3><p><span style=\"font-weight: 400;\">Usar mentorBOT es muy sencillo:<\/span><\/p><ol><li style=\"font-weight: 400;\" aria-level=\"1\"><b>Accede al chat<\/b><span style=\"font-weight: 400;\"> que tienes a la derecha de la web o al principio de esta p\u00e1gina.<\/span><\/li><li style=\"font-weight: 400;\" aria-level=\"1\"><b>Escribe tu pregunta o duda<\/b><span style=\"font-weight: 400;\"> de la manera m\u00e1s clara posible.<\/span><\/li><li style=\"font-weight: 400;\" aria-level=\"1\"><b>Recibe una respuesta inmediata<\/b><span style=\"font-weight: 400;\"> con consejos pr\u00e1cticos y enlaces a TIPs relevantes.<\/span><\/li><li style=\"font-weight: 400;\" aria-level=\"1\"><span style=\"font-weight: 400;\">Te recomendamos que leas las TIPs por el mismo orden para ampliar tus conocimientos y aplicar mejor el consejo recibido.<\/span><\/li><li style=\"font-weight: 400;\" aria-level=\"1\"><span style=\"font-weight: 400;\">Si no te da la respuesta adecuada prueba a reformular tu pregunta. Y si despu\u00e9s de varios intentos no te gustan las TIPs que te ofrece, puedes enviarnos directamente tu pregunta para que busquemos el experto adecuado para contestar y enviar a tu email.<\/span><\/li><\/ol><h3><b>Ventajas de usar mentorBOT<\/b><\/h3><ul><li style=\"font-weight: 400;\" aria-level=\"1\"><b>Acceso ilimitado a conocimiento experto:<\/b><span style=\"font-weight: 400;\"> Basado en la experiencia de m\u00e1s de 30 a\u00f1os de mentorDay acelerando empresas y creando m\u00e1s de 3.000 proyectos exitosos.<\/span><\/li><li style=\"font-weight: 400;\" aria-level=\"1\"><b>Disponibilidad total:<\/b><span style=\"font-weight: 400;\"> Puedes consultar al mentor virtual en cualquier momento del d\u00eda, incluso fuera del horario de las sesiones en vivo.<\/span><\/li><li style=\"font-weight: 400;\" aria-level=\"1\"><b>Rapidez y precisi\u00f3n:<\/b><span style=\"font-weight: 400;\"> Recibir\u00e1s respuestas inmediatas y precisas en forma de enlaces a TIPs, adaptadas a tus necesidades.<\/span><\/li><li style=\"font-weight: 400;\" aria-level=\"1\"><b>Asesoramiento personalizado:<\/b><span style=\"font-weight: 400;\"> Las respuestas est\u00e1n dise\u00f1adas para ajustarse a tu proyecto y situaci\u00f3n espec\u00edfica.<\/span><\/li><\/ul><h3><b>Recomendaciones para sacar el m\u00e1ximo provecho de mentorBOT<\/b><\/h3><ol><li style=\"font-weight: 400;\" aria-level=\"1\"><b>Haz preguntas claras y espec\u00edficas:<\/b><span style=\"font-weight: 400;\"> Cuanto m\u00e1s precisa sea tu pregunta, m\u00e1s \u00fatil y detallada ser\u00e1 la respuesta.<\/span><\/li><li style=\"font-weight: 400;\" aria-level=\"1\"><b>Consulta siempre primero a mentorBOT:<\/b><span style=\"font-weight: 400;\"> Antes de preguntar a tu mentor personal o en los webinars, revisa lo que mentorBOT te puede ofrecer.<\/span><\/li><li style=\"font-weight: 400;\" aria-level=\"1\"><b>Sigue los enlaces a las TIPs:<\/b><span style=\"font-weight: 400;\"> Cuando recibas un enlace a una TIP, l\u00e9ela para obtener una explicaci\u00f3n m\u00e1s completa y ejemplos pr\u00e1cticos.<\/span><\/li><li style=\"font-weight: 400;\" aria-level=\"1\"><b>Haz un uso regular del mentor virtual:<\/b><span style=\"font-weight: 400;\"> Cuantas m\u00e1s dudas resuelvas, m\u00e1s avanzar\u00e1s en tu proyecto.<\/span><\/li><\/ol><h3><b>Conclusi\u00f3n: Tu aliado constante en el camino al \u00e9xito<\/b><\/h3><p><span style=\"font-weight: 400;\">mentorBOT es mucho m\u00e1s que una herramienta: es tu aliado constante en el camino hacia el \u00e9xito de tu emprendimiento. Est\u00e1 siempre disponible para responder tus preguntas, orientarte y ofrecerte soluciones basadas en una experiencia probada.<\/span><\/p><p><span style=\"font-weight: 400;\">Aprovecha esta tecnolog\u00eda de \u00faltima generaci\u00f3n para acelerar tu empresa y resolver cualquier duda en tiempo real.<\/span><\/p><p><strong>\u00a1Empieza a utilizar mentorBOT hoy mismo y descubre c\u00f3mo puede marcar la diferencia en tu camino como emprendedor!<\/strong><\/p>\t\t\t\t\t\t\t\t<\/div>\n\t\t\t\t<\/div>\n\t\t\t\t\t<\/div>\n\t\t<\/div>\n\t\t\t\t\t<\/div>\n\t\t<\/section>\n\t\t\t\t<\/div>\n\t\t","protected":false},"excerpt":{"rendered":"<p>\u00a1Bienvenido a tu Sesi\u00f3n con mentorBOT! Descubre mentorBOT Tu Mentor Personal disponible las 24 horas del d\u00eda mentorBOT es una poderosa herramienta basada en inteligencia artificial que hemos creado en mentorDay para que tengas acceso inmediato a un mentor especializado en creaci\u00f3n y aceleraci\u00f3n de empresas. Disponible 24 horas al d\u00eda, 7 d\u00edas a la&#8230;<\/p>\n","protected":false},"author":22,"featured_media":0,"parent":0,"menu_order":0,"comment_status":"closed","ping_status":"closed","template":"","meta":{"footnotes":""},"class_list":["post-92188","page","type-page","status-publish","hentry"],"_links":{"self":[{"href":"https:\/\/mentorday.es\/wikitips\/wp-json\/wp\/v2\/pages\/92188","targetHints":{"allow":["GET"]}}],"collection":[{"href":"https:\/\/mentorday.es\/wikitips\/wp-json\/wp\/v2\/pages"}],"about":[{"href":"https:\/\/mentorday.es\/wikitips\/wp-json\/wp\/v2\/types\/page"}],"author":[{"embeddable":true,"href":"https:\/\/mentorday.es\/wikitips\/wp-json\/wp\/v2\/users\/22"}],"replies":[{"embeddable":true,"href":"https:\/\/mentorday.es\/wikitips\/wp-json\/wp\/v2\/comments?post=92188"}],"version-history":[{"count":0,"href":"https:\/\/mentorday.es\/wikitips\/wp-json\/wp\/v2\/pages\/92188\/revisions"}],"wp:attachment":[{"href":"https:\/\/mentorday.es\/wikitips\/wp-json\/wp\/v2\/media?parent=92188"}],"curies":[{"name":"wp","href":"https:\/\/api.w.org\/{rel}","templated":true}]}}